{"id":1520,"date":"2020-07-27T02:22:16","date_gmt":"2020-07-27T02:22:16","guid":{"rendered":"https:\/\/healthcareservicesottawa.ca\/dotation-en-personnel\/hopitaux\/personal-support-workers\/"},"modified":"2020-09-03T12:16:08","modified_gmt":"2020-09-03T12:16:08","slug":"preposes-aux-beneficiaires","status":"publish","type":"page","link":"https:\/\/healthcareservicesottawa.ca\/fr\/services-de-dotation\/hopitaux\/preposes-aux-beneficiaires\/","title":{"rendered":"Pr\u00e9pos\u00e9s aux b\u00e9n\u00e9ficiaires"},"content":{"rendered":"","protected":false},"excerpt":{"rendered":"","protected":false},"author":1,"featured_media":0,"parent":1512,"menu_order":3,"comment_status":"closed","ping_status":"closed","template":"","meta":[],"yoast_head":"<!-- This site is optimized with the Yoast SEO plugin v15.4 - https:\/\/yoast.com\/wordpress\/plugins\/seo\/ -->\n<title>Pr\u00e9pos\u00e9s aux b\u00e9n\u00e9ficiaires - Global Health<\/title>\n<meta name=\"robots\" content=\"index, follow, max-snippet:-1, max-image-preview:large, max-video-preview:-1\" \/>\n<link rel=\"canonical\" href=\"https:\/\/healthcareservicesottawa.ca\/fr\/services-de-dotation\/hopitaux\/preposes-aux-beneficiaires\/\" \/>\n<meta property=\"og:locale\" content=\"fr_FR\" \/>\n<meta property=\"og:type\" content=\"article\" \/>\n<meta property=\"og:title\" content=\"Pr\u00e9pos\u00e9s aux b\u00e9n\u00e9ficiaires - Global Health\" \/>\n<meta property=\"og:url\" content=\"https:\/\/healthcareservicesottawa.ca\/fr\/services-de-dotation\/hopitaux\/preposes-aux-beneficiaires\/\" \/>\n<meta property=\"og:site_name\" content=\"Global Health\" \/>\n<meta property=\"article:modified_time\" content=\"2020-09-03T12:16:08+00:00\" \/>\n<meta name=\"twitter:card\" content=\"summary_large_image\" \/>\n<meta name=\"twitter:label1\" content=\"\u00c9crit par\">\n\t<meta name=\"twitter:data1\" content=\"coloc\">\n<script type=\"application\/ld+json\" class=\"yoast-schema-graph\">{\"@context\":\"https:\/\/schema.org\",\"@graph\":[{\"@type\":\"WebSite\",\"@id\":\"https:\/\/healthcareservicesottawa.ca\/#website\",\"url\":\"https:\/\/healthcareservicesottawa.ca\/\",\"name\":\"Global Health\",\"description\":\"\",\"potentialAction\":[{\"@type\":\"SearchAction\",\"target\":\"https:\/\/healthcareservicesottawa.ca\/?s={search_term_string}\",\"query-input\":\"required name=search_term_string\"}],\"inLanguage\":\"fr-FR\"},{\"@type\":\"WebPage\",\"@id\":\"https:\/\/healthcareservicesottawa.ca\/fr\/services-de-dotation\/hopitaux\/preposes-aux-beneficiaires\/#webpage\",\"url\":\"https:\/\/healthcareservicesottawa.ca\/fr\/services-de-dotation\/hopitaux\/preposes-aux-beneficiaires\/\",\"name\":\"Pr\\u00e9pos\\u00e9s aux b\\u00e9n\\u00e9ficiaires - Global Health\",\"isPartOf\":{\"@id\":\"https:\/\/healthcareservicesottawa.ca\/#website\"},\"datePublished\":\"2020-07-27T02:22:16+00:00\",\"dateModified\":\"2020-09-03T12:16:08+00:00\",\"inLanguage\":\"fr-FR\",\"potentialAction\":[{\"@type\":\"ReadAction\",\"target\":[\"https:\/\/healthcareservicesottawa.ca\/fr\/services-de-dotation\/hopitaux\/preposes-aux-beneficiaires\/\"]}]}]}<\/script>\n<!-- \/ Yoast SEO plugin. -->","_links":{"self":[{"href":"https:\/\/healthcareservicesottawa.ca\/fr\/wp-json\/wp\/v2\/pages\/1520\/"}],"collection":[{"href":"https:\/\/healthcareservicesottawa.ca\/fr\/wp-json\/wp\/v2\/pages\/"}],"about":[{"href":"https:\/\/healthcareservicesottawa.ca\/fr\/wp-json\/wp\/v2\/types\/page\/"}],"author":[{"embeddable":true,"href":"https:\/\/healthcareservicesottawa.ca\/fr\/wp-json\/wp\/v2\/users\/1\/"}],"replies":[{"embeddable":true,"href":"https:\/\/healthcareservicesottawa.ca\/fr\/wp-json\/wp\/v2\/comments\/?post=1520"}],"version-history":[{"count":3,"href":"https:\/\/healthcareservicesottawa.ca\/fr\/wp-json\/wp\/v2\/pages\/1520\/revisions\/"}],"predecessor-version":[{"id":2410,"href":"https:\/\/healthcareservicesottawa.ca\/fr\/wp-json\/wp\/v2\/pages\/1520\/revisions\/2410\/"}],"up":[{"embeddable":true,"href":"https:\/\/healthcareservicesottawa.ca\/fr\/wp-json\/wp\/v2\/pages\/1512\/"}],"wp:attachment":[{"href":"https:\/\/healthcareservicesottawa.ca\/fr\/wp-json\/wp\/v2\/media\/?parent=1520"}],"curies":[{"name":"wp","href":"https:\/\/api.w.org\/{rel}","templated":true}]}}