{"id":1392,"date":"2020-08-18T18:58:49","date_gmt":"2020-08-18T18:58:49","guid":{"rendered":"https:\/\/healthcareservicesottawa.ca\/services-de-soins-a-domicile\/soins-de-la-personne\/senior-wellness-checks\/"},"modified":"2020-09-02T14:07:10","modified_gmt":"2020-09-02T14:07:10","slug":"controles-du-bien-etre-des-aines","status":"publish","type":"page","link":"https:\/\/healthcareservicesottawa.ca\/fr\/services-de-soins-a-domicile\/soins-de-la-personne\/controles-du-bien-etre-des-aines\/","title":{"rendered":"Contr\u00f4les du bien-\u00eatre des a\u00een\u00e9s"},"content":{"rendered":"","protected":false},"excerpt":{"rendered":"","protected":false},"author":1,"featured_media":0,"parent":1376,"menu_order":0,"comment_status":"closed","ping_status":"closed","template":"","meta":[],"yoast_head":"<!-- This site is optimized with the Yoast SEO plugin v15.4 - https:\/\/yoast.com\/wordpress\/plugins\/seo\/ -->\n<title>Contr\u00f4les du bien-\u00eatre des a\u00een\u00e9s - Global Health<\/title>\n<meta name=\"robots\" content=\"index, follow, max-snippet:-1, max-image-preview:large, max-video-preview:-1\" \/>\n<link rel=\"canonical\" href=\"https:\/\/healthcareservicesottawa.ca\/fr\/services-de-soins-a-domicile\/soins-de-la-personne\/controles-du-bien-etre-des-aines\/\" \/>\n<meta property=\"og:locale\" content=\"fr_FR\" \/>\n<meta property=\"og:type\" content=\"article\" \/>\n<meta property=\"og:title\" content=\"Contr\u00f4les du bien-\u00eatre des a\u00een\u00e9s - Global Health\" \/>\n<meta property=\"og:url\" content=\"https:\/\/healthcareservicesottawa.ca\/fr\/services-de-soins-a-domicile\/soins-de-la-personne\/controles-du-bien-etre-des-aines\/\" \/>\n<meta property=\"og:site_name\" content=\"Global Health\" \/>\n<meta property=\"article:modified_time\" content=\"2020-09-02T14:07:10+00:00\" \/>\n<meta name=\"twitter:card\" content=\"summary_large_image\" \/>\n<meta name=\"twitter:label1\" content=\"\u00c9crit par\">\n\t<meta name=\"twitter:data1\" content=\"coloc\">\n<script type=\"application\/ld+json\" class=\"yoast-schema-graph\">{\"@context\":\"https:\/\/schema.org\",\"@graph\":[{\"@type\":\"WebSite\",\"@id\":\"https:\/\/healthcareservicesottawa.ca\/#website\",\"url\":\"https:\/\/healthcareservicesottawa.ca\/\",\"name\":\"Global Health\",\"description\":\"\",\"potentialAction\":[{\"@type\":\"SearchAction\",\"target\":\"https:\/\/healthcareservicesottawa.ca\/?s={search_term_string}\",\"query-input\":\"required name=search_term_string\"}],\"inLanguage\":\"fr-FR\"},{\"@type\":\"WebPage\",\"@id\":\"https:\/\/healthcareservicesottawa.ca\/fr\/services-de-soins-a-domicile\/soins-de-la-personne\/controles-du-bien-etre-des-aines\/#webpage\",\"url\":\"https:\/\/healthcareservicesottawa.ca\/fr\/services-de-soins-a-domicile\/soins-de-la-personne\/controles-du-bien-etre-des-aines\/\",\"name\":\"Contr\\u00f4les du bien-\\u00eatre des a\\u00een\\u00e9s - Global Health\",\"isPartOf\":{\"@id\":\"https:\/\/healthcareservicesottawa.ca\/#website\"},\"datePublished\":\"2020-08-18T18:58:49+00:00\",\"dateModified\":\"2020-09-02T14:07:10+00:00\",\"inLanguage\":\"fr-FR\",\"potentialAction\":[{\"@type\":\"ReadAction\",\"target\":[\"https:\/\/healthcareservicesottawa.ca\/fr\/services-de-soins-a-domicile\/soins-de-la-personne\/controles-du-bien-etre-des-aines\/\"]}]}]}<\/script>\n<!-- \/ Yoast SEO plugin. -->","_links":{"self":[{"href":"https:\/\/healthcareservicesottawa.ca\/fr\/wp-json\/wp\/v2\/pages\/1392\/"}],"collection":[{"href":"https:\/\/healthcareservicesottawa.ca\/fr\/wp-json\/wp\/v2\/pages\/"}],"about":[{"href":"https:\/\/healthcareservicesottawa.ca\/fr\/wp-json\/wp\/v2\/types\/page\/"}],"author":[{"embeddable":true,"href":"https:\/\/healthcareservicesottawa.ca\/fr\/wp-json\/wp\/v2\/users\/1\/"}],"replies":[{"embeddable":true,"href":"https:\/\/healthcareservicesottawa.ca\/fr\/wp-json\/wp\/v2\/comments\/?post=1392"}],"version-history":[{"count":2,"href":"https:\/\/healthcareservicesottawa.ca\/fr\/wp-json\/wp\/v2\/pages\/1392\/revisions\/"}],"predecessor-version":[{"id":2342,"href":"https:\/\/healthcareservicesottawa.ca\/fr\/wp-json\/wp\/v2\/pages\/1392\/revisions\/2342\/"}],"up":[{"embeddable":true,"href":"https:\/\/healthcareservicesottawa.ca\/fr\/wp-json\/wp\/v2\/pages\/1376\/"}],"wp:attachment":[{"href":"https:\/\/healthcareservicesottawa.ca\/fr\/wp-json\/wp\/v2\/media\/?parent=1392"}],"curies":[{"name":"wp","href":"https:\/\/api.w.org\/{rel}","templated":true}]}}